{"id":63,"date":"2024-06-04T19:37:07","date_gmt":"2024-06-04T17:37:07","guid":{"rendered":"https:\/\/infojuancarlosrd.com\/?page_id=63"},"modified":"2025-08-19T04:59:24","modified_gmt":"2025-08-19T02:59:24","slug":"principal","status":"publish","type":"page","link":"https:\/\/infojuancarlosrd.com\/","title":{"rendered":"INICIO"},"content":{"rendered":"\t\t<div data-elementor-type=\"wp-page\" data-elementor-id=\"63\" class=\"elementor elementor-63\" data-elementor-post-type=\"page\">\n\t\t\t\t<div class=\"elementor-element elementor-element-ddd735e e-con-full e-flex e-con e-parent\" data-id=\"ddd735e\" data-element_type=\"container\" data-settings=\"{&quot;background_background&quot;:&quot;slideshow&quot;,&quot;background_slideshow_gallery&quot;:[],&quot;background_slideshow_slide_duration&quot;:5000,&quot;background_slideshow_slide_transition&quot;:&quot;fade&quot;,&quot;background_slideshow_transition_duration&quot;:500}\">\n\t\t\t\t<div class=\"elementor-element elementor-element-c5fdd06 elementor--h-position-center elementor--v-position-middle elementor-arrows-position-inside elementor-pagination-position-inside elementor-widget elementor-widget-slides\" data-id=\"c5fdd06\" data-element_type=\"widget\" data-settings=\"{&quot;navigation&quot;:&quot;both&quot;,&quot;autoplay&quot;:&quot;yes&quot;,&quot;pause_on_hover&quot;:&quot;yes&quot;,&quot;pause_on_interaction&quot;:&quot;yes&quot;,&quot;autoplay_speed&quot;:5000,&quot;infinite&quot;:&quot;yes&quot;,&quot;transition&quot;:&quot;slide&quot;,&quot;transition_speed&quot;:500}\" data-widget_type=\"slides.default\">\n\t\t\t\t<div class=\"elementor-widget-container\">\n\t\t\t<style>\/*! elementor-pro - v3.20.0 - 20-03-2024 *\/\n.elementor-slides .swiper-slide-bg{background-size:cover;background-position:50%;background-repeat:no-repeat;min-width:100%;min-height:100%}.elementor-slides .swiper-slide-inner{background-repeat:no-repeat;background-position:50%;position:absolute;top:0;left:0;bottom:0;right:0;padding:50px;margin:auto}.elementor-slides .swiper-slide-inner,.elementor-slides .swiper-slide-inner:hover{color:#fff;display:flex}.elementor-slides .swiper-slide-inner .elementor-background-overlay{position:absolute;z-index:0;top:0;bottom:0;left:0;right:0}.elementor-slides .swiper-slide-inner .elementor-slide-content{position:relative;z-index:1;width:100%}.elementor-slides .swiper-slide-inner .elementor-slide-heading{font-size:35px;font-weight:700;line-height:1}.elementor-slides .swiper-slide-inner .elementor-slide-description{font-size:17px;line-height:1.4}.elementor-slides .swiper-slide-inner .elementor-slide-description:not(:last-child),.elementor-slides .swiper-slide-inner .elementor-slide-heading:not(:last-child){margin-bottom:30px}.elementor-slides .swiper-slide-inner .elementor-slide-button{border:2px solid #fff;color:#fff;background:transparent;display:inline-block}.elementor-slides .swiper-slide-inner .elementor-slide-button,.elementor-slides .swiper-slide-inner .elementor-slide-button:hover{background:transparent;color:inherit;text-decoration:none}.elementor--v-position-top .swiper-slide-inner{align-items:flex-start}.elementor--v-position-bottom .swiper-slide-inner{align-items:flex-end}.elementor--v-position-middle .swiper-slide-inner{align-items:center}.elementor--h-position-left .swiper-slide-inner{justify-content:flex-start}.elementor--h-position-right .swiper-slide-inner{justify-content:flex-end}.elementor--h-position-center .swiper-slide-inner{justify-content:center}body.rtl .elementor-widget-slides .elementor-swiper-button-next{left:10px;right:auto}body.rtl .elementor-widget-slides .elementor-swiper-button-prev{right:10px;left:auto}.elementor-slides-wrapper div:not(.swiper-slide)>.swiper-slide-inner{display:none}@media (max-width:767px){.elementor-slides .swiper-slide-inner{padding:30px}.elementor-slides .swiper-slide-inner .elementor-slide-heading{font-size:23px;line-height:1;margin-bottom:15px}.elementor-slides .swiper-slide-inner .elementor-slide-description{font-size:13px;line-height:1.4;margin-bottom:15px}}<\/style>\t\t<div class=\"elementor-swiper\">\n\t\t\t<div class=\"elementor-slides-wrapper elementor-main-swiper swiper\" dir=\"ltr\" data-animation=\"fadeInUp\">\n\t\t\t\t<div class=\"swiper-wrapper elementor-slides\">\n\t\t\t\t\t\t\t\t\t\t<div class=\"elementor-repeater-item-8bfa5c7 swiper-slide\"><div class=\"swiper-slide-bg elementor-ken-burns elementor-ken-burns--in\" role=\"img\"><\/div><div class=\"elementor-background-overlay\"><\/div><div class=\"swiper-slide-inner\" ><div class=\"swiper-slide-contents\"><div class=\"elementor-slide-heading\">CENTRO DE MEDICINA ESTETICA, COSMEATRIA  Y MASAJES<\/div><div class=\"elementor-slide-description\">DRA KARLA CARELA RESTITUYO \/ DOCTORA EN MEDICINA ESTETICA \/ COSMETOLOGIA\/ IMPLANTE CAPILAR<\/div><a href=\"https:\/\/infojuancarlosrd.com\/?page_id=100\" class=\"elementor-button elementor-slide-button elementor-size-md\">CONTACTOS<\/a><\/div><\/div><\/div><div class=\"elementor-repeater-item-4fff88f swiper-slide\"><div class=\"swiper-slide-bg elementor-ken-burns elementor-ken-burns--in\" role=\"img\"><\/div><div class=\"elementor-background-overlay\"><\/div><div class=\"swiper-slide-inner\" ><div class=\"swiper-slide-contents\"><div class=\"elementor-slide-heading\">CENTRO DE MEDICINA ESTETICA, COSMEATRIA  Y MASAJES<\/div><div class=\"elementor-slide-description\">DRA KARLA CARELA RESTITUYO \/ DOCTORA EN MEDICINA ESTETICA \/ COSMETOLOGIA\/ IMPLANTE CAPILAR<\/div><a href=\"https:\/\/infojuancarlosrd.com\/?page_id=100\" class=\"elementor-button elementor-slide-button elementor-size-md\">CONTACTOS<\/a><\/div><\/div><\/div><div class=\"elementor-repeater-item-da4f35e swiper-slide\"><div class=\"swiper-slide-bg elementor-ken-burns elementor-ken-burns--in\" role=\"img\"><\/div><div class=\"elementor-background-overlay\"><\/div><div class=\"swiper-slide-inner\" ><div class=\"swiper-slide-contents\"><div class=\"elementor-slide-heading\">CENTRO DE MEDICINA ESTETICA, COSMEATRIA  Y MASAJES<\/div><div class=\"elementor-slide-description\">DRA KARLA CARELA RESTITUYO \/ DOCTORA EN MEDICINA ESTETICA \/ COSMETOLOGIA\/ IMPLANTE CAPILAR<\/div><a href=\"https:\/\/infojuancarlosrd.com\/?page_id=100\" class=\"elementor-button elementor-slide-button elementor-size-md\">CONTACTOS<\/a><\/div><\/div><\/div>\t\t\t\t<\/div>\n\t\t\t\t\t\t\t\t\t\t\t\t\t\t\t<div class=\"swiper-pagination\"><\/div>\n\t\t\t\t\t\t\t\t\t\t\t\t\t\t\t\t<div class=\"elementor-swiper-button elementor-swiper-button-prev\" role=\"button\" tabindex=\"0\">\n\t\t\t\t\t\t\t<svg aria-hidden=\"true\" class=\"e-font-icon-svg e-eicon-chevron-left\" viewBox=\"0 0 1000 1000\" xmlns=\"http:\/\/www.w3.org\/2000\/svg\"><path d=\"M646 125C629 125 613 133 604 142L308 442C296 454 292 471 292 487 292 504 296 521 308 533L604 854C617 867 629 875 646 875 663 875 679 871 692 858 704 846 713 829 713 812 713 796 708 779 692 767L438 487 692 225C700 217 708 204 708 187 708 171 704 154 692 142 675 129 663 125 646 125Z\"><\/path><\/svg>\t\t\t\t\t\t\t<span class=\"elementor-screen-only\">Previous slide<\/span>\n\t\t\t\t\t\t<\/div>\n\t\t\t\t\t\t<div class=\"elementor-swiper-button elementor-swiper-button-next\" role=\"button\" tabindex=\"0\">\n\t\t\t\t\t\t\t<svg aria-hidden=\"true\" class=\"e-font-icon-svg e-eicon-chevron-right\" viewBox=\"0 0 1000 1000\" xmlns=\"http:\/\/www.w3.org\/2000\/svg\"><path d=\"M696 533C708 521 713 504 713 487 713 471 708 454 696 446L400 146C388 133 375 125 354 125 338 125 325 129 313 142 300 154 292 171 292 187 292 204 296 221 308 233L563 492 304 771C292 783 288 800 288 817 288 833 296 850 308 863 321 871 338 875 354 875 371 875 388 867 400 854L696 533Z\"><\/path><\/svg>\t\t\t\t\t\t\t<span class=\"elementor-screen-only\">Next slide<\/span>\n\t\t\t\t\t\t<\/div>\n\t\t\t\t\t\t\t\t\t\t\t\t<\/div>\n\t\t<\/div>\n\t\t\t\t<\/div>\n\t\t\t\t<\/div>\n\t\t\t\t<\/div>\n\t\t<div class=\"elementor-element elementor-element-da8abb9 e-con-full e-flex e-con e-parent\" data-id=\"da8abb9\" data-element_type=\"container\" data-settings=\"{&quot;background_background&quot;:&quot;gradient&quot;}\">\n\t\t<div class=\"elementor-element elementor-element-dc70e15 e-con-full e-flex e-con e-child\" data-id=\"dc70e15\" data-element_type=\"container\">\n\t\t\t\t<div class=\"elementor-element elementor-element-35f8b33 elementor-widget elementor-widget-heading\" data-id=\"35f8b33\" data-element_type=\"widget\" data-widget_type=\"heading.default\">\n\t\t\t\t<div class=\"elementor-widget-container\">\n\t\t\t<style>\/*! elementor - v3.21.0 - 30-04-2024 *\/\n.elementor-heading-title{padding:0;margin:0;line-height:1}.elementor-widget-heading .elementor-heading-title[class*=elementor-size-]>a{color:inherit;font-size:inherit;line-height:inherit}.elementor-widget-heading .elementor-heading-title.elementor-size-small{font-size:15px}.elementor-widget-heading .elementor-heading-title.elementor-size-medium{font-size:19px}.elementor-widget-heading .elementor-heading-title.elementor-size-large{font-size:29px}.elementor-widget-heading .elementor-heading-title.elementor-size-xl{font-size:39px}.elementor-widget-heading .elementor-heading-title.elementor-size-xxl{font-size:59px}<\/style><h1 class=\"elementor-heading-title elementor-size-default\"><a href=\"https:\/\/infojuancarlosrd.com\/?page_id=93\">MASAJES<\/a><\/h1>\t\t<\/div>\n\t\t\t\t<\/div>\n\t\t\t\t<div class=\"elementor-element elementor-element-d7cac76 elementor-widget elementor-widget-text-editor\" data-id=\"d7cac76\" data-element_type=\"widget\" data-widget_type=\"text-editor.default\">\n\t\t\t\t<div class=\"elementor-widget-container\">\n\t\t\t<style>\/*! elementor - v3.21.0 - 30-04-2024 *\/\n.elementor-widget-text-editor.elementor-drop-cap-view-stacked .elementor-drop-cap{background-color:#69727d;color:#fff}.elementor-widget-text-editor.elementor-drop-cap-view-framed .elementor-drop-cap{color:#69727d;border:3px solid;background-color:transparent}.elementor-widget-text-editor:not(.elementor-drop-cap-view-default) .elementor-drop-cap{margin-top:8px}.elementor-widget-text-editor:not(.elementor-drop-cap-view-default) .elementor-drop-cap-letter{width:1em;height:1em}.elementor-widget-text-editor .elementor-drop-cap{float:left;text-align:center;line-height:1;font-size:50px}.elementor-widget-text-editor .elementor-drop-cap-letter{display:inline-block}<\/style>\t\t\t\t<p>El Masaje Relajante es una terapia manual destinada a mejorar el bienestar de la persona ya que su m\u00e1ximo objetivo es aumentar la producci\u00f3n de endorfinas en nuestro cuerpo, aliviando la tensi\u00f3n y consiguiendo un estado mental de relajaci\u00f3n.<\/p><p>Masajes corporales <br \/>\u00a0&#8211; Masajea relajantes <br \/>\u00a0&#8211; Masajes reductores <br \/>\u00a0&#8211; Masajes anti celulitis <br \/>\u00a0&#8211; Masajes Post Quirurgicos <br \/>\u00a0&#8211; Maderoterapia<\/p>\t\t\t\t\t\t<\/div>\n\t\t\t\t<\/div>\n\t\t\t\t<\/div>\n\t\t<div class=\"elementor-element elementor-element-1b00c30 e-flex e-con-boxed e-con e-child\" data-id=\"1b00c30\" data-element_type=\"container\">\n\t\t\t\t\t<div class=\"e-con-inner\">\n\t\t\t\t<div class=\"elementor-element elementor-element-352985b elementor-widget elementor-widget-image\" data-id=\"352985b\" data-element_type=\"widget\" id=\"MASAJES\" data-widget_type=\"image.default\">\n\t\t\t\t<div class=\"elementor-widget-container\">\n\t\t\t<style>\/*! elementor - v3.21.0 - 30-04-2024 *\/\n.elementor-widget-image{text-align:center}.elementor-widget-image a{display:inline-block}.elementor-widget-image a img[src$=\".svg\"]{width:48px}.elementor-widget-image img{vertical-align:middle;display:inline-block}<\/style>\t\t\t\t\t\t\t\t\t\t\t<a href=\"https:\/\/infojuancarlosrd.com\/?page_id=93\">\n\t\t\t\t\t\t\t<img decoding=\"async\" src=\"https:\/\/infojuancarlosrd.com\/wp-content\/uploads\/elementor\/thumbs\/ale-romo-CLiwQXx7kT8-unsplash-modified-qphe0reho72euxhj6ta1na9k1gfdk6rhej2ccmqc5w.png\" title=\"ale-romo-CLiwQXx7kT8-unsplash-modified\" alt=\"ale-romo-CLiwQXx7kT8-unsplash-modified\" class=\"elementor-animation-pulse-shrink\" loading=\"lazy\" \/>\t\t\t\t\t\t\t\t<\/a>\n\t\t\t\t\t\t\t\t\t\t\t\t\t<\/div>\n\t\t\t\t<\/div>\n\t\t\t\t\t<\/div>\n\t\t\t\t<\/div>\n\t\t\t\t<\/div>\n\t\t<div class=\"elementor-element elementor-element-3d2c588 e-con-full e-flex e-con e-parent\" data-id=\"3d2c588\" data-element_type=\"container\" data-settings=\"{&quot;background_background&quot;:&quot;gradient&quot;}\">\n\t\t<div class=\"elementor-element elementor-element-6388771 e-con-full e-flex e-con e-child\" data-id=\"6388771\" data-element_type=\"container\">\n\t\t\t\t<div class=\"elementor-element elementor-element-93897af elementor-widget elementor-widget-image\" data-id=\"93897af\" data-element_type=\"widget\" data-widget_type=\"image.default\">\n\t\t\t\t<div class=\"elementor-widget-container\">\n\t\t\t\t\t\t\t\t\t\t\t\t\t\t<a href=\"https:\/\/infojuancarlosrd.com\/?page_id=93\/#BotoxFacial\">\n\t\t\t\t\t\t\t<img decoding=\"async\" src=\"https:\/\/infojuancarlosrd.com\/wp-content\/uploads\/elementor\/thumbs\/vlad-egorov-iTTWESvyCHk-unsplash-modified-qu835wfghxlsqlmmr3hqee3p3zveok8e1b3dq00ff8.png\" title=\"vlad-egorov-iTTWESvyCHk-unsplash-modified\" alt=\"vlad-egorov-iTTWESvyCHk-unsplash-modified\" class=\"elementor-animation-pulse-shrink\" loading=\"lazy\" \/>\t\t\t\t\t\t\t\t<\/a>\n\t\t\t\t\t\t\t\t\t\t\t\t\t<\/div>\n\t\t\t\t<\/div>\n\t\t\t\t<\/div>\n\t\t<div class=\"elementor-element elementor-element-5149601 e-con-full e-flex e-con e-child\" data-id=\"5149601\" data-element_type=\"container\">\n\t\t\t\t<div class=\"elementor-element elementor-element-50986a2 elementor-widget elementor-widget-heading\" data-id=\"50986a2\" data-element_type=\"widget\" data-widget_type=\"heading.default\">\n\t\t\t\t<div class=\"elementor-widget-container\">\n\t\t\t<h1 class=\"elementor-heading-title elementor-size-default\"><a href=\"https:\/\/infojuancarlosrd.com\/?page_id=93\/#BotoxFacial\">Botox Facial<\/a><\/h1>\t\t<\/div>\n\t\t\t\t<\/div>\n\t\t\t\t<div class=\"elementor-element elementor-element-6e73579 elementor-widget elementor-widget-text-editor\" data-id=\"6e73579\" data-element_type=\"widget\" data-widget_type=\"text-editor.default\">\n\t\t\t\t<div class=\"elementor-widget-container\">\n\t\t\t\t\t\t\t<p>Las inyecciones de b\u00f3tox emplean una toxina para impedir temporalmente el movimiento de un m\u00fasculo. Estas inyecciones a menudo se utilizan para suavizar arrugas en la cara. Tambi\u00e9n, se usan para tratar los espasmos de cuello, la sudoraci\u00f3n, la vejiga hiperactiva, el ojo perezoso y otras afecciones.<\/p><p>Inyectables \/ Fillers <br \/>\u00a0&#8211; Labios <br \/>\u00a0&#8211; Menton <br \/>\u00a0&#8211; Nariz <br \/>\u00a0&#8211; Surcos Nasogenianos <br \/>\u00a0&#8211; Toxina Botulinica (cara, sudoraci\u00f3n )<\/p>\t\t\t\t\t\t<\/div>\n\t\t\t\t<\/div>\n\t\t\t\t<\/div>\n\t\t\t\t<\/div>\n\t\t<div class=\"elementor-element elementor-element-c64454b e-con-full e-flex e-con e-parent\" data-id=\"c64454b\" data-element_type=\"container\" data-settings=\"{&quot;background_background&quot;:&quot;gradient&quot;}\">\n\t\t<div class=\"elementor-element elementor-element-9b2908d e-con-full e-flex e-con e-child\" data-id=\"9b2908d\" data-element_type=\"container\">\n\t\t\t\t<div class=\"elementor-element elementor-element-1e6fb98 elementor-widget elementor-widget-heading\" data-id=\"1e6fb98\" data-element_type=\"widget\" data-widget_type=\"heading.default\">\n\t\t\t\t<div class=\"elementor-widget-container\">\n\t\t\t<h1 class=\"elementor-heading-title elementor-size-default\"><a href=\"https:\/\/infojuancarlosrd.com\/?page_id=93\/#FACIALCARBONLASER\">FACIAL CARBON LASER<\/a><\/h1>\t\t<\/div>\n\t\t\t\t<\/div>\n\t\t\t\t<div class=\"elementor-element elementor-element-b93d602 elementor-widget elementor-widget-text-editor\" data-id=\"b93d602\" data-element_type=\"widget\" data-widget_type=\"text-editor.default\">\n\t\t\t\t<div class=\"elementor-widget-container\">\n\t\t\t\t\t\t\t<p>Cuando se describe algo como facial, se hace referencia al rostro. La expresi\u00f3n facial es la sonrisa (o el ce\u00f1o fruncido) que se muestra en el rostro.<\/p><p>Faciales <br \/>\u00a0&#8211; Facial Profundo y Facial B\u00e1sico<br \/>\u00a0&#8211; Hidra facial<br \/>\u00a0&#8211; Carbon Peel<\/p>\t\t\t\t\t\t<\/div>\n\t\t\t\t<\/div>\n\t\t\t\t<\/div>\n\t\t<div class=\"elementor-element elementor-element-58e5540 e-con-full e-flex e-con e-child\" data-id=\"58e5540\" data-element_type=\"container\">\n\t\t\t\t<div class=\"elementor-element elementor-element-dc4e1fe elementor-widget elementor-widget-image\" data-id=\"dc4e1fe\" data-element_type=\"widget\" data-widget_type=\"image.default\">\n\t\t\t\t<div class=\"elementor-widget-container\">\n\t\t\t\t\t\t\t\t\t\t\t\t\t\t<a href=\"https:\/\/infojuancarlosrd.com\/?page_id=93\/#FACIALCARBONLASER\">\n\t\t\t\t\t\t\t<img decoding=\"async\" src=\"https:\/\/infojuancarlosrd.com\/wp-content\/uploads\/elementor\/thumbs\/adult-woman-enjoying-face-mask-modified-qphioncqcww4jlmcudt5zx3fp0xidz9jthug5tswt0.png\" title=\"adult-woman-enjoying-face-mask-modified\" alt=\"adult-woman-enjoying-face-mask-modified\" class=\"elementor-animation-pulse-shrink\" loading=\"lazy\" \/>\t\t\t\t\t\t\t\t<\/a>\n\t\t\t\t\t\t\t\t\t\t\t\t\t<\/div>\n\t\t\t\t<\/div>\n\t\t\t\t<\/div>\n\t\t\t\t<\/div>\n\t\t<div class=\"elementor-element elementor-element-b8968dc e-con-full e-flex e-con e-parent\" data-id=\"b8968dc\" data-element_type=\"container\" data-settings=\"{&quot;background_background&quot;:&quot;classic&quot;,&quot;background_motion_fx_motion_fx_scrolling&quot;:&quot;yes&quot;,&quot;background_motion_fx_devices&quot;:[&quot;desktop&quot;,&quot;tablet&quot;,&quot;mobile&quot;]}\">\n\t\t\t\t<\/div>\n\t\t\t\t<\/div>\n\t\t","protected":false},"excerpt":{"rendered":"<p>CENTRO DE MEDICINA ESTETICA, COSMEATRIA Y MASAJESDRA KARLA CARELA RESTITUYO \/ DOCTORA EN MEDICINA ESTETICA \/ COSMETOLOGIA\/ IMPLANTE CAPILARCONTACTOSCENTRO DE [&hellip;]<\/p>\n","protected":false},"author":1,"featured_media":0,"parent":0,"menu_order":0,"comment_status":"closed","ping_status":"closed","template":"","meta":{"site-sidebar-layout":"no-sidebar","site-content-layout":"","ast-site-content-layout":"full-width-container","site-content-style":"default","site-sidebar-style":"default","ast-global-header-display":"","ast-banner-title-visibility":"","ast-main-header-display":"","ast-hfb-above-header-display":"","ast-hfb-below-header-display":"","ast-hfb-mobile-header-display":"","site-post-title":"disabled","ast-breadcrumbs-content":"","ast-featured-img":"disabled","footer-sml-layout":"","theme-transparent-header-meta":"","adv-header-id-meta":"","stick-header-meta":"","header-above-stick-meta":"","header-main-stick-meta":"","header-below-stick-meta":"","astra-migrate-meta-layouts":"default","ast-page-background-enabled":"default","ast-page-background-meta":{"desktop":{"background-color":"var(--ast-global-color-4)","background-image":"","background-repeat":"repeat","background-position":"center center","background-size":"auto","background-attachment":"scroll","background-type":"","background-media":"","overlay-type":"","overlay-color":"","overlay-opacity":"","overlay-gradient":""},"tablet":{"background-color":"","background-image":"","background-repeat":"repeat","background-position":"center center","background-size":"auto","background-attachment":"scroll","background-type":"","background-media":"","overlay-type":"","overlay-color":"","overlay-opacity":"","overlay-gradient":""},"mobile":{"background-color":"","background-image":"","background-repeat":"repeat","background-position":"center center","background-size":"auto","background-attachment":"scroll","background-type":"","background-media":"","overlay-type":"","overlay-color":"","overlay-opacity":"","overlay-gradient":""}},"ast-content-background-meta":{"desktop":{"background-color":"var(--ast-global-color-5)","background-image":"","background-repeat":"repeat","background-position":"center center","background-size":"auto","background-attachment":"scroll","background-type":"","background-media":"","overlay-type":"","overlay-color":"","overlay-opacity":"","overlay-gradient":""},"tablet":{"background-color":"var(--ast-global-color-5)","background-image":"","background-repeat":"repeat","background-position":"center center","background-size":"auto","background-attachment":"scroll","background-type":"","background-media":"","overlay-type":"","overlay-color":"","overlay-opacity":"","overlay-gradient":""},"mobile":{"background-color":"var(--ast-global-color-5)","background-image":"","background-repeat":"repeat","background-position":"center center","background-size":"auto","background-attachment":"scroll","background-type":"","background-media":"","overlay-type":"","overlay-color":"","overlay-opacity":"","overlay-gradient":""}},"footnotes":""},"class_list":["post-63","page","type-page","status-publish","hentry"],"_links":{"self":[{"href":"https:\/\/infojuancarlosrd.com\/index.php?rest_route=\/wp\/v2\/pages\/63","targetHints":{"allow":["GET"]}}],"collection":[{"href":"https:\/\/infojuancarlosrd.com\/index.php?rest_route=\/wp\/v2\/pages"}],"about":[{"href":"https:\/\/infojuancarlosrd.com\/index.php?rest_route=\/wp\/v2\/types\/page"}],"author":[{"embeddable":true,"href":"https:\/\/infojuancarlosrd.com\/index.php?rest_route=\/wp\/v2\/users\/1"}],"replies":[{"embeddable":true,"href":"https:\/\/infojuancarlosrd.com\/index.php?rest_route=%2Fwp%2Fv2%2Fcomments&post=63"}],"version-history":[{"count":361,"href":"https:\/\/infojuancarlosrd.com\/index.php?rest_route=\/wp\/v2\/pages\/63\/revisions"}],"predecessor-version":[{"id":1586,"href":"https:\/\/infojuancarlosrd.com\/index.php?rest_route=\/wp\/v2\/pages\/63\/revisions\/1586"}],"wp:attachment":[{"href":"https:\/\/infojuancarlosrd.com\/index.php?rest_route=%2Fwp%2Fv2%2Fmedia&parent=63"}],"curies":[{"name":"wp","href":"https:\/\/api.w.org\/{rel}","templated":true}]}}